{"id":9261,"date":"2022-06-13T05:44:58","date_gmt":"2022-06-13T05:44:58","guid":{"rendered":"https:\/\/morphoria.com\/kontakt\/"},"modified":"2023-05-31T15:57:53","modified_gmt":"2023-05-31T15:57:53","slug":"contact","status":"publish","type":"page","link":"https:\/\/morphoria.com\/en\/contact\/","title":{"rendered":"Contact"},"content":{"rendered":"\t\t<div data-elementor-type=\"wp-page\" data-elementor-id=\"9261\" class=\"elementor elementor-9261 elementor-214\" data-elementor-post-type=\"page\">\n\t\t\t\t\t\t<section class=\"elementor-section elementor-top-section elementor-element elementor-element-710e3c2 mailphone elementor-section-items-top elementor-section-height-min-height elementor-hidden-tablet elementor-hidden-mobile elementor-section-boxed elementor-section-height-default\" data-id=\"710e3c2\" data-element_type=\"section\" data-e-type=\"section\" data-settings=\"{&quot;background_background&quot;:&quot;classic&quot;}\">\n\t\t\t\t\t\t\t<div class=\"elementor-background-overlay\"><\/div>\n\t\t\t\t\t\t\t<div class=\"elementor-container elementor-column-gap-default\">\n\t\t\t\t\t<div class=\"elementor-column elementor-col-50 elementor-top-column elementor-element elementor-element-756372c\" data-id=\"756372c\" data-element_type=\"column\" data-e-type=\"column\">\n\t\t\t<div class=\"elementor-widget-wrap elementor-element-populated\">\n\t\t\t\t\t\t<div class=\"elementor-element elementor-element-6ee9e4d white elementor-widget elementor-widget-text-editor\" data-id=\"6ee9e4d\" data-element_type=\"widget\" data-e-type=\"widget\" data-widget_type=\"text-editor.default\">\n\t\t\t\t<div class=\"elementor-widget-container\">\n\t\t\t\t\t\t\t\t\t<p><a href=\"mailto:MAIL@MORPHORIA.COM\">MAIL@MORPHORIA.COM<\/a><\/p>\t\t\t\t\t\t\t\t<\/div>\n\t\t\t\t<\/div>\n\t\t\t\t\t<\/div>\n\t\t<\/div>\n\t\t\t\t<div class=\"elementor-column elementor-col-50 elementor-top-column elementor-element elementor-element-09adb88\" data-id=\"09adb88\" data-element_type=\"column\" data-e-type=\"column\">\n\t\t\t<div class=\"elementor-widget-wrap elementor-element-populated\">\n\t\t\t\t\t\t<div class=\"elementor-element elementor-element-632e7ee white elementor-widget elementor-widget-text-editor\" data-id=\"632e7ee\" data-element_type=\"widget\" data-e-type=\"widget\" data-widget_type=\"text-editor.default\">\n\t\t\t\t<div class=\"elementor-widget-container\">\n\t\t\t\t\t\t\t\t\t<p><a href=\"tel:+4921199616985\">+49 (0)211 996 169 85<\/a><\/p>\t\t\t\t\t\t\t\t<\/div>\n\t\t\t\t<\/div>\n\t\t\t\t\t<\/div>\n\t\t<\/div>\n\t\t\t\t\t<\/div>\n\t\t<\/section>\n\t\t\t\t<section class=\"elementor-section elementor-top-section elementor-element elementor-element-25adf46 mailphone elementor-section-items-top elementor-section-height-min-height elementor-hidden-tablet elementor-hidden-mobile elementor-section-boxed elementor-section-height-default\" data-id=\"25adf46\" data-element_type=\"section\" data-e-type=\"section\" data-settings=\"{&quot;background_background&quot;:&quot;classic&quot;}\">\n\t\t\t\t\t\t\t<div class=\"elementor-background-overlay\"><\/div>\n\t\t\t\t\t\t\t<div class=\"elementor-container elementor-column-gap-default\">\n\t\t\t\t\t<div class=\"elementor-column elementor-col-50 elementor-top-column elementor-element elementor-element-9ab9ab1\" data-id=\"9ab9ab1\" data-element_type=\"column\" data-e-type=\"column\">\n\t\t\t<div class=\"elementor-widget-wrap elementor-element-populated\">\n\t\t\t\t\t\t<div class=\"elementor-element elementor-element-82a72a7 elementor-widget elementor-widget-text-editor\" data-id=\"82a72a7\" data-element_type=\"widget\" data-e-type=\"widget\" data-widget_type=\"text-editor.default\">\n\t\t\t\t<div class=\"elementor-widget-container\">\n\t\t\t\t\t\t\t\t\t<p>Morphoria<br>K\u00f6lner Str. 365<br>40227 D\u00fcsseldorf<br>(DE)<br><\/p>\n<p>Gerichtsstand<br>D\u00fcsseldorf<br>Ust-Idnr.:<br>DE293160879<\/p>\t\t\t\t\t\t\t\t<\/div>\n\t\t\t\t<\/div>\n\t\t\t\t\t<\/div>\n\t\t<\/div>\n\t\t\t\t<div class=\"elementor-column elementor-col-50 elementor-top-column elementor-element elementor-element-75c952d\" data-id=\"75c952d\" data-element_type=\"column\" data-e-type=\"column\">\n\t\t\t<div class=\"elementor-widget-wrap\">\n\t\t\t\t\t\t\t<\/div>\n\t\t<\/div>\n\t\t\t\t\t<\/div>\n\t\t<\/section>\n\t\t\t\t<section class=\"elementor-section elementor-top-section elementor-element elementor-element-43d3769 elementor-section-height-min-height elementor-section-items-top elementor-hidden-widescreen elementor-hidden-desktop elementor-section-boxed elementor-section-height-default\" data-id=\"43d3769\" data-element_type=\"section\" data-e-type=\"section\" data-settings=\"{&quot;background_background&quot;:&quot;classic&quot;}\">\n\t\t\t\t\t\t<div class=\"elementor-container elementor-column-gap-default\">\n\t\t\t\t\t<div class=\"elementor-column elementor-col-100 elementor-top-column elementor-element elementor-element-93498ee\" data-id=\"93498ee\" data-element_type=\"column\" data-e-type=\"column\">\n\t\t\t<div class=\"elementor-widget-wrap elementor-element-populated\">\n\t\t\t\t\t\t<div class=\"elementor-element elementor-element-7faf1b7 elementor-hidden-widescreen elementor-hidden-desktop elementor-widget elementor-widget-text-editor\" data-id=\"7faf1b7\" data-element_type=\"widget\" data-e-type=\"widget\" data-widget_type=\"text-editor.default\">\n\t\t\t\t<div class=\"elementor-widget-container\">\n\t\t\t\t\t\t\t\t\t<p><a href=\"mailto:mail@morphoria.com\">mail@morphoria.com<\/a><\/p><p><a href=\"tel:+4921199616985\">+49 (0)211 996 169 85<\/a><\/p>\t\t\t\t\t\t\t\t<\/div>\n\t\t\t\t<\/div>\n\t\t\t\t<div class=\"elementor-element elementor-element-de6068b elementor-hidden-widescreen elementor-hidden-desktop elementor-widget elementor-widget-text-editor\" data-id=\"de6068b\" data-element_type=\"widget\" data-e-type=\"widget\" data-widget_type=\"text-editor.default\">\n\t\t\t\t<div class=\"elementor-widget-container\">\n\t\t\t\t\t\t\t\t\t<p>Morphoria<br>K\u00f6lner Str. 365<br>40227 D\u00fcsseldorf<br>Germany<\/p>\n<p>Gerichtsstand<br>D\u00fcsseldorf<br>Ust-Idnr.:<br>DE293160879<\/p>\t\t\t\t\t\t\t\t<\/div>\n\t\t\t\t<\/div>\n\t\t\t\t\t<\/div>\n\t\t<\/div>\n\t\t\t\t\t<\/div>\n\t\t<\/section>\n\t\t\t\t<\/div>\n\t\t","protected":false},"excerpt":{"rendered":"<p>MAIL@MORPHORIA.COM +49 (0)211 996 169 85 MorphoriaK\u00f6lner Str. 36540227 D\u00fcsseldorf(DE) GerichtsstandD\u00fcsseldorfUst-Idnr.:DE293160879 mail@morphoria.com +49 (0)211 996 169 85 MorphoriaK\u00f6lner Str. 36540227 D\u00fcsseldorfGermany GerichtsstandD\u00fcsseldorfUst-Idnr.:DE293160879<\/p>\n","protected":false},"author":1,"featured_media":0,"parent":0,"menu_order":0,"comment_status":"closed","ping_status":"closed","template":"","meta":{"_acf_changed":false,"footnotes":""},"class_list":["post-9261","page","type-page","status-publish","hentry"],"acf":[],"_links":{"self":[{"href":"https:\/\/morphoria.com\/en\/wp-json\/wp\/v2\/pages\/9261","targetHints":{"allow":["GET"]}}],"collection":[{"href":"https:\/\/morphoria.com\/en\/wp-json\/wp\/v2\/pages"}],"about":[{"href":"https:\/\/morphoria.com\/en\/wp-json\/wp\/v2\/types\/page"}],"author":[{"embeddable":true,"href":"https:\/\/morphoria.com\/en\/wp-json\/wp\/v2\/users\/1"}],"replies":[{"embeddable":true,"href":"https:\/\/morphoria.com\/en\/wp-json\/wp\/v2\/comments?post=9261"}],"version-history":[{"count":10,"href":"https:\/\/morphoria.com\/en\/wp-json\/wp\/v2\/pages\/9261\/revisions"}],"predecessor-version":[{"id":10507,"href":"https:\/\/morphoria.com\/en\/wp-json\/wp\/v2\/pages\/9261\/revisions\/10507"}],"wp:attachment":[{"href":"https:\/\/morphoria.com\/en\/wp-json\/wp\/v2\/media?parent=9261"}],"curies":[{"name":"wp","href":"https:\/\/api.w.org\/{rel}","templated":true}]}}